{"id":147,"date":"2024-09-20T06:01:20","date_gmt":"2024-09-20T04:01:20","guid":{"rendered":"https:\/\/partialef.org\/?page_id=147"},"modified":"2024-09-20T06:08:28","modified_gmt":"2024-09-20T04:08:28","slug":"site-officiel-du-parti-politique-amour-liberte-egalite-fraternite","status":"publish","type":"page","link":"https:\/\/partialef.org\/","title":{"rendered":"Site officiel du parti politique Amour Libert\u00e9 Egalit\u00e9 Fraternit\u00e9"},"content":{"rendered":"","protected":false},"excerpt":{"rendered":"","protected":false},"author":1,"featured_media":0,"parent":0,"menu_order":0,"comment_status":"closed","ping_status":"closed","template":"","meta":{"footnotes":""},"class_list":["post-147","page","type-page","status-publish","hentry"],"_links":{"self":[{"href":"https:\/\/partialef.org\/index.php\/wp-json\/wp\/v2\/pages\/147","targetHints":{"allow":["GET"]}}],"collection":[{"href":"https:\/\/partialef.org\/index.php\/wp-json\/wp\/v2\/pages"}],"about":[{"href":"https:\/\/partialef.org\/index.php\/wp-json\/wp\/v2\/types\/page"}],"author":[{"embeddable":true,"href":"https:\/\/partialef.org\/index.php\/wp-json\/wp\/v2\/users\/1"}],"replies":[{"embeddable":true,"href":"https:\/\/partialef.org\/index.php\/wp-json\/wp\/v2\/comments?post=147"}],"version-history":[{"count":1,"href":"https:\/\/partialef.org\/index.php\/wp-json\/wp\/v2\/pages\/147\/revisions"}],"predecessor-version":[{"id":148,"href":"https:\/\/partialef.org\/index.php\/wp-json\/wp\/v2\/pages\/147\/revisions\/148"}],"wp:attachment":[{"href":"https:\/\/partialef.org\/index.php\/wp-json\/wp\/v2\/media?parent=147"}],"curies":[{"name":"wp","href":"https:\/\/api.w.org\/{rel}","templated":true}]}}